{"id":6739,"date":"2021-05-04T09:32:18","date_gmt":"2021-05-04T08:32:18","guid":{"rendered":"https:\/\/www.hypnosource.fr\/?page_id=6739"},"modified":"2021-05-04T09:32:18","modified_gmt":"2021-05-04T08:32:18","slug":"votre-salle-dattente","status":"publish","type":"page","link":"https:\/\/www.hypnosource.fr\/en\/votre-salle-dattente\/","title":{"rendered":"Votre salle d&rsquo;attente"},"content":{"rendered":"<p>Au pr\u00e9alable de votre s\u00e9ance, regardez cette pr\u00e9sentation sur les mythes et id\u00e9es re\u00e7ues sur l&rsquo;hypnose.<\/p>\n<p>C\u00e9cile Argy, hypnoth\u00e9rapeute r\u00e9pond soul\u00e8ve certaines questions que l&rsquo;on se pose tous : &#8211; Une personne hypnotis\u00e9e est-elle endormie ?<br \/>\n&#8211; L&rsquo;hypnose fonctionne t-elle comme un d\u00e9tecteur de mensonges ?<br \/>\n&#8211; Les personnes faibles d&rsquo;esprit sont-elles plus faciles \u00e0 hypnotiser ?<br \/>\n&#8211; Peut-on rester coinc\u00e9s en transe ?<\/p>\n<p><iframe title=\"Salle d&#039;attente Hypnosource : Les id\u00e9es re\u00e7ues sur l&#039;hypnose\" width=\"1200\" height=\"675\" src=\"https:\/\/www.youtube.com\/embed\/RO4g-4eQubI?feature=oembed\" frameborder=\"0\" allow=\"accelerometer; autoplay; clipboard-write; encrypted-media; gyroscope; picture-in-picture\" allowfullscreen><\/iframe><\/p>","protected":false},"excerpt":{"rendered":"<p>Au pr\u00e9alable de votre s\u00e9ance, regardez cette pr\u00e9sentation sur les mythes et id\u00e9es re\u00e7ues sur l&rsquo;hypnose. C\u00e9cile Argy, hypnoth\u00e9rapeute r\u00e9pond soul\u00e8ve certaines questions que l&rsquo;on se pose tous : &#8211; Une personne hypnotis\u00e9e est-elle endormie ? &#8211; L&rsquo;hypnose fonctionne t-elle [&hellip;]<\/p>","protected":false},"author":10,"featured_media":0,"parent":0,"menu_order":0,"comment_status":"closed","ping_status":"closed","template":"","meta":{"footnotes":""},"class_list":["post-6739","page","type-page","status-publish","hentry"],"yoast_head":"<!-- This site is optimized with the Yoast SEO plugin v26.3 - https:\/\/yoast.com\/wordpress\/plugins\/seo\/ -->\n<title>Votre salle d&#039;attente - hypnosource : cabinet Hypnose en ligne et \u00e0 Boulogne Billancourt<\/title>\n<meta name=\"robots\" content=\"index, follow, max-snippet:-1, max-image-preview:large, max-video-preview:-1\" \/>\n<link rel=\"canonical\" href=\"https:\/\/www.hypnosource.fr\/en\/votre-salle-dattente\/\" \/>\n<script type=\"application\/ld+json\" class=\"yoast-schema-graph\">{\"@context\":\"https:\/\/schema.org\",\"@graph\":[{\"@type\":\"WebPage\",\"@id\":\"https:\/\/www.hypnosource.fr\/votre-salle-dattente\/\",\"url\":\"https:\/\/www.hypnosource.fr\/votre-salle-dattente\/\",\"name\":\"Votre salle d'attente - hypnosource : cabinet Hypnose en ligne et \u00e0 Boulogne Billancourt\",\"isPartOf\":{\"@id\":\"https:\/\/www.hypnosource.fr\/#website\"},\"datePublished\":\"2021-05-04T08:32:18+00:00\",\"breadcrumb\":{\"@id\":\"https:\/\/www.hypnosource.fr\/votre-salle-dattente\/#breadcrumb\"},\"inLanguage\":\"en-US\",\"potentialAction\":[{\"@type\":\"ReadAction\",\"target\":[\"https:\/\/www.hypnosource.fr\/votre-salle-dattente\/\"]}]},{\"@type\":\"BreadcrumbList\",\"@id\":\"https:\/\/www.hypnosource.fr\/votre-salle-dattente\/#breadcrumb\",\"itemListElement\":[{\"@type\":\"ListItem\",\"position\":1,\"name\":\"Accueil\",\"item\":\"https:\/\/www.hypnosource.fr\/\"},{\"@type\":\"ListItem\",\"position\":2,\"name\":\"Votre salle d&rsquo;attente\"}]},{\"@type\":\"WebSite\",\"@id\":\"https:\/\/www.hypnosource.fr\/#website\",\"url\":\"https:\/\/www.hypnosource.fr\/\",\"name\":\"hypnosource : cabinet Hypnose en ligne et \u00e0 Boulogne Billancourt\",\"description\":\"Cabinet hypnose en ligne et \u00e0 Boulogne Billancourt - Hypnoth\u00e9rapie par C\u00e9cile Argy\",\"potentialAction\":[{\"@type\":\"SearchAction\",\"target\":{\"@type\":\"EntryPoint\",\"urlTemplate\":\"https:\/\/www.hypnosource.fr\/?s={search_term_string}\"},\"query-input\":{\"@type\":\"PropertyValueSpecification\",\"valueRequired\":true,\"valueName\":\"search_term_string\"}}],\"inLanguage\":\"en-US\"}]}<\/script>\n<!-- \/ Yoast SEO plugin. -->","yoast_head_json":{"title":"Votre salle d'attente - hypnosource : cabinet Hypnose en ligne et \u00e0 Boulogne Billancourt","robots":{"index":"index","follow":"follow","max-snippet":"max-snippet:-1","max-image-preview":"max-image-preview:large","max-video-preview":"max-video-preview:-1"},"canonical":"https:\/\/www.hypnosource.fr\/en\/votre-salle-dattente\/","schema":{"@context":"https:\/\/schema.org","@graph":[{"@type":"WebPage","@id":"https:\/\/www.hypnosource.fr\/votre-salle-dattente\/","url":"https:\/\/www.hypnosource.fr\/votre-salle-dattente\/","name":"Votre salle d'attente - hypnosource : cabinet Hypnose en ligne et \u00e0 Boulogne Billancourt","isPartOf":{"@id":"https:\/\/www.hypnosource.fr\/#website"},"datePublished":"2021-05-04T08:32:18+00:00","breadcrumb":{"@id":"https:\/\/www.hypnosource.fr\/votre-salle-dattente\/#breadcrumb"},"inLanguage":"en-US","potentialAction":[{"@type":"ReadAction","target":["https:\/\/www.hypnosource.fr\/votre-salle-dattente\/"]}]},{"@type":"BreadcrumbList","@id":"https:\/\/www.hypnosource.fr\/votre-salle-dattente\/#breadcrumb","itemListElement":[{"@type":"ListItem","position":1,"name":"Accueil","item":"https:\/\/www.hypnosource.fr\/"},{"@type":"ListItem","position":2,"name":"Votre salle d&rsquo;attente"}]},{"@type":"WebSite","@id":"https:\/\/www.hypnosource.fr\/#website","url":"https:\/\/www.hypnosource.fr\/","name":"hypnosource : cabinet Hypnose en ligne et \u00e0 Boulogne Billancourt","description":"Cabinet hypnose en ligne et \u00e0 Boulogne Billancourt - Hypnoth\u00e9rapie par C\u00e9cile Argy","potentialAction":[{"@type":"SearchAction","target":{"@type":"EntryPoint","urlTemplate":"https:\/\/www.hypnosource.fr\/?s={search_term_string}"},"query-input":{"@type":"PropertyValueSpecification","valueRequired":true,"valueName":"search_term_string"}}],"inLanguage":"en-US"}]}},"_links":{"self":[{"href":"https:\/\/www.hypnosource.fr\/en\/wp-json\/wp\/v2\/pages\/6739","targetHints":{"allow":["GET"]}}],"collection":[{"href":"https:\/\/www.hypnosource.fr\/en\/wp-json\/wp\/v2\/pages"}],"about":[{"href":"https:\/\/www.hypnosource.fr\/en\/wp-json\/wp\/v2\/types\/page"}],"author":[{"embeddable":true,"href":"https:\/\/www.hypnosource.fr\/en\/wp-json\/wp\/v2\/users\/10"}],"replies":[{"embeddable":true,"href":"https:\/\/www.hypnosource.fr\/en\/wp-json\/wp\/v2\/comments?post=6739"}],"version-history":[{"count":1,"href":"https:\/\/www.hypnosource.fr\/en\/wp-json\/wp\/v2\/pages\/6739\/revisions"}],"predecessor-version":[{"id":6740,"href":"https:\/\/www.hypnosource.fr\/en\/wp-json\/wp\/v2\/pages\/6739\/revisions\/6740"}],"wp:attachment":[{"href":"https:\/\/www.hypnosource.fr\/en\/wp-json\/wp\/v2\/media?parent=6739"}],"curies":[{"name":"wp","href":"https:\/\/api.w.org\/{rel}","templated":true}]}}