{"id":5610,"date":"2017-02-02T14:49:50","date_gmt":"2017-02-02T13:49:50","guid":{"rendered":"https:\/\/www.hypnosource.fr\/?page_id=5610"},"modified":"2017-03-10T12:24:32","modified_gmt":"2017-03-10T11:24:32","slug":"hypnose_habitudes","status":"publish","type":"page","link":"https:\/\/www.hypnosource.fr\/en\/hypnose_habitudes\/","title":{"rendered":"hypnose : mauvaises habitudes"},"content":{"rendered":"<div class=\"row-fluid element-padding-default\">\n\t<div class=\"span12\">\n\t\t<div class=\"inner-content\">\n\t\t\t\n\t<h1 class=\"title textleft default divider-dark divider-default color-default\" style=\"margin-bottom:20px\"><span>Hypnoth\u00e9rapie pour les mauvaises habitudes<\/span>\n\t<\/h1>\n<div  class=\"hr border-large normal-border aligncenter hr-border-light\" style=\"margin-top:5px;margin-bottom:25px;\"><span><\/span><\/div>\n<div class=\"gap\" style=\"height:20px;line-height:20px;\" ><\/div>\n<div class=\"row-fluid inner-row bottom-margin-no\">\n\t<div class=\"span6\">\n\t\t<div class=\"inner-content\">\n\t\t\t\n\t<div class=\"column-text clearfix\">\n\t\t\n<p><strong>Les d\u00e9pendances trait\u00e9es par l&rsquo;hypnose<\/strong><\/p>\n\n\t<\/div> \n\t<div class=\"column-text clearfix\">\n\t\tLes habitudes sont simplement des mod\u00e8les de comportement qu&rsquo;une personne a appris et qui sont difficiles \u00e0 briser.<\/p>\n<p>Bien s\u00fbr, toutes les habitudes ne sont pas mauvaises ou ind\u00e9sirables. Des habitudes telles que se brosser les dents ou regarder dans le r\u00e9troviseur quand vous conduisez, par exemple, sont des exemples d&rsquo;habitudes utiles et positives qui nous servent bien.\n\t<\/div> \n\t\t<\/div> \n\t<\/div> \n\n\t<div class=\"span6\">\n\t\t<div class=\"inner-content\">\n\t\t\t\n\t<div class=\"single-image img-align-none\" data-animation-delay=\"100\" data-animation-effect=\"\">\n\t\t<img fetchpriority=\"high\" decoding=\"async\" src=\"https:\/\/www.hypnosource.fr\/wp-content\/uploads\/2017\/02\/iStock-490474430-400x250.jpg\" width=\"400\" height=\"250\" alt=\"Sleepy young woman trying kill alarm clock while bury face in pillow. Early wake up, not getting enough sleep, getting work concept. Female stretching hand to ringing alarm willing turn it off\" \/>\n\t\t\t\n\t<\/div> \n\t\t<\/div> \n\t<\/div> \n<\/div>\n\t<div class=\"column-text clearfix\">\n\t\tAlors que la source de la douleur peut \u00eatre situ\u00e9e quelque part dans le corps, les signaux doivent atteindre le cerveau avant que nous devenions conscients de cela. En fait, il y a un dicton dans le contr\u00f4le de la douleur chronique hypnose: \u00ab\u00a0Il n&rsquo;y a pas de douleur jusqu&rsquo;\u00e0 ce qu&rsquo;il atteigne le cerveau\u00a0\u00bb.<\/p>\n<p>En fait, la douleur est \u00e0 la fois physique et psychologique par nature. La simple existence d&rsquo;une douleur psychique &#8211; la douleur de membre fant\u00f4me, par exemple, o\u00f9 la douleur continue d&rsquo;\u00eatre ressentie dans une partie amput\u00e9e du corps &#8211; d\u00e9montre clairement que le cerveau lui-m\u00eame est capable non seulement d&rsquo;interpr\u00e9ter les messages de douleur qui viennent du corps, mais aussi initier ces messages ind\u00e9pendamment de toute cause physique. Une telle douleur peut \u00eatre aussi r\u00e9elle et intense que toute douleur provenant d&rsquo;une blessure actuelle.<\/p>\n<p>Si vous \u00e9prouv\u00e9 de la douleur de puis longtemps, vous pouvez tr\u00e8s bien avoir le sentiment que vous \u00eates condamn\u00e9 \u00e0 souffrir de cette douleur pour le reste de votre vie. Et peu de choses sont aussi d\u00e9testables que d&rsquo;avoir \u00e0 supporter cela.<\/p>\n<p>Les gens qui souffrent d&rsquo;une telle douleur ont probablement d\u00e9j\u00e0 \u00e9t\u00e9 chez leurs m\u00e9decins *, pris des m\u00e9dicaments, peut-\u00eatre essay\u00e9 des m\u00e9thodes alternatives comme l&rsquo;acupuncture, le biofeedback etc et ils continuent \u00e0 souffrir. Leur vie enti\u00e8re peut \u00eatre gach\u00e9e par leur conscience presque constante de la douleur.\n\t<\/div> \n\t\t<\/div> \n\t<\/div> \n<\/div><section id=\"section_0\" class=\"section  section-border-no section-height-content section-parallax-no section-bgtype-image section-fixed-background-yes  section-bgstyle-stretch section-triangle-no triangle-location-top section-overlay-no section-overlay-dot-no\" data-parallax_speed=\"0.8\" style=\"padding-top:100px;padding-bottom:80px;background-color:#ffffff;\" data-video-ratio=\"\"><div class=\"section-overlay\"><\/div><div class=\"container section-content\"><div class=\"row-fluid\">\n\t<h3 class=\"title textleft style1 divider-dark divider-default color-default\" style=\"margin-bottom:30px\"><span>Les habitudes - L'\u00e9chelle de la d\u00e9pendance<\/p>\n<p><\/span>\n\t<\/h3>\n<div class=\"row-fluid element-padding-default\">\n\t<div class=\"span6\">\n\t\t<div class=\"inner-content\">\n\t\t\t\n\t<div class=\"single-image img-align-none\" data-animation-delay=\"100\" data-animation-effect=\"\">\n\t\t<img decoding=\"async\" width=\"550\" height=\"600\" src=\"https:\/\/www.hypnosource.fr\/wp-content\/uploads\/2017\/02\/une-approche-2-1.png\" class=\"attachment- size-\" alt=\"\" srcset=\"https:\/\/www.hypnosource.fr\/wp-content\/uploads\/2017\/02\/une-approche-2-1.png 550w, https:\/\/www.hypnosource.fr\/wp-content\/uploads\/2017\/02\/une-approche-2-1-275x300.png 275w\" sizes=\"(max-width: 550px) 100vw, 550px\" \/>\n\t\t\t\n\t<\/div> \n\t\t<\/div> \n\t<\/div> \n\n\t<div class=\"span6\">\n\t\t<div class=\"inner-content\">\n\t\t\t\n\t<div class=\"column-text clearfix\">\n\t\tLes habitudes et les d\u00e9pendances sont \u00e0 des extr\u00e9mit\u00e9s oppos\u00e9es de l&rsquo;\u00e9chelle de d\u00e9pendance. Si vous souhaitez en savoir plus sur les d\u00e9pendances, consultez la page Addictions. Mais, quelle que soit le niveau sur l&rsquo;\u00e9chelle des d\u00e9pendances, si ce que vous ressentez a un effet n\u00e9gatif sur votre vie ou sur la vie de quelqu&rsquo;un d&rsquo;autre, il faut faire quelque chose. Et c&rsquo;est ici que l&rsquo;hypnoth\u00e9rapie avanc\u00e9e peut \u00eatre d&rsquo;une aide r\u00e9elle pour la rupture habitude.<\/p>\n<p>Le fait est que nous avons d\u00e9velopp\u00e9 des habitudes n\u00e9gatives quand nous \u00e9tions consciemment ou inconsciemment dans une p\u00e9riode de vuln\u00e9rabilit\u00e9, peut-\u00eatre lorsque nous \u00e9prouvions une certaine forme de difficult\u00e9 \u00e9motionnelle. Et nous sommes devenus d\u00e9pendants de ces habitudes pour la distraction ou le soulagement, ou comme de simples m\u00e9canismes d&rsquo;adaptation.<\/p>\n<p>Quelle que soit la forme de l&rsquo;habitude n\u00e9gative que vous avez d\u00e9velopp\u00e9, elle a commenc\u00e9 pour une raison: se mordre les ongles, s\u2019arracher les peaux, s\u2019arracher des cheveux, grincer des dents, fumer, tout a commenc\u00e9 parce qu&rsquo;une partie de vous a cru qu&rsquo;il \u00e9tait dans votre int\u00e9r\u00eat de s&rsquo;engager dans ce comportement. Il peut avoir servi de distraction \u00e0 des sentiments difficiles, ou il aurait pu servir \u00e0 un autre but, mais l&rsquo;intention de d\u00e9part du comportement a \u00e9t\u00e9 sans aucun doute positif dans sa nature. Maintenant, il a surv\u00e9cu \u00e0 son but; est devenu quelque-chose qui n&rsquo;est plus utile ou n\u00e9cessaire, mais qui persiste encore.\n\t<\/div> \n\t\t<\/div> \n\t<\/div> \n<\/div><div class=\"gap\" style=\"height:20px;line-height:20px;\" ><\/div>\n<\/div><\/div><\/section><\/div><\/div><\/section><section id=\"section_1\" class=\"section  section-border-no section-height-content section-parallax-no section-bgtype-image section-fixed-background-yes  section-bgstyle-stretch section-triangle-no triangle-location-top section-overlay-no section-overlay-dot-no\" data-parallax_speed=\"0.8\" style=\"padding-top:60px;padding-bottom:60px;background-color:#dbc9c9;\" data-video-ratio=\"\"><div class=\"section-overlay\"><\/div><div class=\"container section-content\"><div class=\"row-fluid\"><div class=\"row-fluid element-padding-default\">\n\t<div class=\"span12\">\n\t\t<div class=\"inner-content\">\n\t\t\t\n\t<h3 class=\"title textleft style1 divider-dark divider-default color-default\" style=\"margin-bottom:20px\"><span>L'hypnose : Briser l'habitude<\/span>\n\t<\/h3>\n\n\t<div class=\"column-text clearfix\">\n\t\t<strong>Lorsque vous \u00eates vraiment pr\u00eat<br \/>\n<\/strong><\/p>\n<p>Peut-\u00eatre que vous avez d\u00e9j\u00e0 atteint le stade o\u00f9 vous en avez assez d&rsquo;\u00eatre victime d&rsquo;une mauvaise habitude; Peut-\u00eatre que vous avez d\u00e9cid\u00e9 de faire enfin quelque chose pour mettre fin \u00e0 votre mauvaise habitude. Si tel est le cas, alors l&rsquo;hypnoth\u00e9rapie avanc\u00e9e de C\u00e9cile peut vraiment vous aider \u00e0 mettre fin aux mauvaises habitudes et \u00e0 cr\u00e9er une rupture d\u00e9finitive avec une habitude r\u00e9elle.<\/p>\n<p>Avec plus de 10 ans d&rsquo;exp\u00e9rience de l&rsquo;hypnose, C\u00e9cile a une compr\u00e9hension approfondie de la fa\u00e7on de guider et d&rsquo;aider les gens \u00e0 atteindre et \u00e0 r\u00e9aliser leur propre potentiel. En utilisant son exp\u00e9rience de vie, avec des comp\u00e9tences th\u00e9rapeutiques avanc\u00e9es, elle peut vous aider \u00e0 mettre fin aux mauvaises habitudes qui vous inqui\u00e8tent.<\/p>\n<p>Appelez C\u00e9cile maintenant sur 06 61 79 23 74 et se lib\u00e9rer de l&rsquo;habitude qui vous a retenu.<\/p>\n<p><strong>Tous les appels sont trait\u00e9s en toute confidentialit\u00e9.<\/strong><\/p>\n<p>Hypnoth\u00e9rapie, un traitement efficace pour les habitudes ind\u00e9sirables, les habitudes n\u00e9gatives et les mauvaises habitudes. Combattre le bruxisme, le tabagisme, le rongement de peau et d\u2019ongles, etc. Cassez les mauvaises habitudes avec l&rsquo;hypnose.\n\t<\/div> \n\t\t<\/div> \n\t<\/div> \n<\/div><\/div><\/div><\/section><\/div><\/div><\/section><section id=\"section_2\" class=\"section  section-border-no section-height-content section-parallax-no section-bgtype-image section-fixed-background-yes  section-bgstyle-stretch section-triangle-no triangle-location-top section-overlay-no section-overlay-dot-no\" data-parallax_speed=\"0.8\" style=\"padding-top:60px;padding-bottom:60px;background-color:#cbf2f4;\" data-video-ratio=\"\"><div class=\"section-overlay\"><\/div><div class=\"container section-content\"><div class=\"row-fluid\"><div class=\"row-fluid element-padding-default\">\n\t<div class=\"span12\">\n\t\t<div class=\"inner-content\">\n\t\t\t\n\t<h3 class=\"title textleft style1 divider-dark divider-default color-default\" style=\"margin-bottom:20px\"><span>T\u00e9moignage<\/span>\n\t<\/h3>\n\n\t<div class=\"column-text clearfix\">\n\t\t\n<blockquote><p>L\u2019hypnoth\u00e9rapie m\u2019a aid\u00e9 dans tous les aspects de ma vie. J&rsquo;ai \u00e9t\u00e9 capable d&rsquo;utiliser l&rsquo;hypnose pour m&rsquo;aider dans tout ce que je fais &#8230;<\/p><\/blockquote>\n<p>&#8211; Vincent Thomas, Paris\n\t<\/div> \n\t\t<\/div> \n\t<\/div> \n<\/div><\/div><\/div><\/section>","protected":false},"excerpt":{"rendered":"Hypnoth\u00e9rapie pour les mauvaises habitudes Les d\u00e9pendances trait\u00e9es par l'hypnose Les habitudes sont simplement des mod\u00e8les de comportement qu'une personne a appris et qui sont difficiles \u00e0 briser. Bien s\u00fbr, toutes les habitudes ne sont pas mauvaises ou ind\u00e9sirables. Des [...]","protected":false},"author":2,"featured_media":0,"parent":0,"menu_order":0,"comment_status":"closed","ping_status":"closed","template":"","meta":{"footnotes":""},"class_list":["post-5610","page","type-page","status-publish","hentry"],"yoast_head":"<!-- This site is optimized with the Yoast SEO plugin v26.3 - https:\/\/yoast.com\/wordpress\/plugins\/seo\/ -->\n<title>Mauvaises habitudes : vaincre vos mauvaises habitudes gr\u00e2ce \u00e0 l&#039;hypnose<\/title>\n<meta name=\"description\" content=\"Mauvaises habitudes : vaincre vos mauvaises habitudes gr\u00e2ce \u00e0 l&#039;hypnose - C\u00e9cile Argy vous accueille dans son cabinet d&#039;hypnoth\u00e9rapie \u00e0 Boulogne 92\" \/>\n<meta name=\"robots\" content=\"index, follow, max-snippet:-1, max-image-preview:large, max-video-preview:-1\" \/>\n<link rel=\"canonical\" href=\"https:\/\/www.hypnosource.fr\/en\/hypnose_habitudes\/\" \/>\n<meta name=\"twitter:label1\" content=\"Est. reading time\" \/>\n\t<meta name=\"twitter:data1\" content=\"6 minutes\" \/>\n<script type=\"application\/ld+json\" class=\"yoast-schema-graph\">{\"@context\":\"https:\/\/schema.org\",\"@graph\":[{\"@type\":\"WebPage\",\"@id\":\"https:\/\/www.hypnosource.fr\/hypnose_habitudes\/\",\"url\":\"https:\/\/www.hypnosource.fr\/hypnose_habitudes\/\",\"name\":\"Mauvaises habitudes : vaincre vos mauvaises habitudes gr\u00e2ce \u00e0 l'hypnose\",\"isPartOf\":{\"@id\":\"https:\/\/www.hypnosource.fr\/#website\"},\"datePublished\":\"2017-02-02T13:49:50+00:00\",\"dateModified\":\"2017-03-10T11:24:32+00:00\",\"description\":\"Mauvaises habitudes : vaincre vos mauvaises habitudes gr\u00e2ce \u00e0 l'hypnose - C\u00e9cile Argy vous accueille dans son cabinet d'hypnoth\u00e9rapie \u00e0 Boulogne 92\",\"breadcrumb\":{\"@id\":\"https:\/\/www.hypnosource.fr\/hypnose_habitudes\/#breadcrumb\"},\"inLanguage\":\"en-US\",\"potentialAction\":[{\"@type\":\"ReadAction\",\"target\":[\"https:\/\/www.hypnosource.fr\/hypnose_habitudes\/\"]}]},{\"@type\":\"BreadcrumbList\",\"@id\":\"https:\/\/www.hypnosource.fr\/hypnose_habitudes\/#breadcrumb\",\"itemListElement\":[{\"@type\":\"ListItem\",\"position\":1,\"name\":\"Accueil\",\"item\":\"https:\/\/www.hypnosource.fr\/\"},{\"@type\":\"ListItem\",\"position\":2,\"name\":\"hypnose : mauvaises habitudes\"}]},{\"@type\":\"WebSite\",\"@id\":\"https:\/\/www.hypnosource.fr\/#website\",\"url\":\"https:\/\/www.hypnosource.fr\/\",\"name\":\"hypnosource : cabinet Hypnose en ligne et \u00e0 Boulogne Billancourt\",\"description\":\"Cabinet hypnose en ligne et \u00e0 Boulogne Billancourt - Hypnoth\u00e9rapie par C\u00e9cile Argy\",\"potentialAction\":[{\"@type\":\"SearchAction\",\"target\":{\"@type\":\"EntryPoint\",\"urlTemplate\":\"https:\/\/www.hypnosource.fr\/?s={search_term_string}\"},\"query-input\":{\"@type\":\"PropertyValueSpecification\",\"valueRequired\":true,\"valueName\":\"search_term_string\"}}],\"inLanguage\":\"en-US\"}]}<\/script>\n<!-- \/ Yoast SEO plugin. -->","yoast_head_json":{"title":"Mauvaises habitudes : vaincre vos mauvaises habitudes gr\u00e2ce \u00e0 l'hypnose","description":"Mauvaises habitudes : vaincre vos mauvaises habitudes gr\u00e2ce \u00e0 l'hypnose - C\u00e9cile Argy vous accueille dans son cabinet d'hypnoth\u00e9rapie \u00e0 Boulogne 92","robots":{"index":"index","follow":"follow","max-snippet":"max-snippet:-1","max-image-preview":"max-image-preview:large","max-video-preview":"max-video-preview:-1"},"canonical":"https:\/\/www.hypnosource.fr\/en\/hypnose_habitudes\/","twitter_misc":{"Est. reading time":"6 minutes"},"schema":{"@context":"https:\/\/schema.org","@graph":[{"@type":"WebPage","@id":"https:\/\/www.hypnosource.fr\/hypnose_habitudes\/","url":"https:\/\/www.hypnosource.fr\/hypnose_habitudes\/","name":"Mauvaises habitudes : vaincre vos mauvaises habitudes gr\u00e2ce \u00e0 l'hypnose","isPartOf":{"@id":"https:\/\/www.hypnosource.fr\/#website"},"datePublished":"2017-02-02T13:49:50+00:00","dateModified":"2017-03-10T11:24:32+00:00","description":"Mauvaises habitudes : vaincre vos mauvaises habitudes gr\u00e2ce \u00e0 l'hypnose - C\u00e9cile Argy vous accueille dans son cabinet d'hypnoth\u00e9rapie \u00e0 Boulogne 92","breadcrumb":{"@id":"https:\/\/www.hypnosource.fr\/hypnose_habitudes\/#breadcrumb"},"inLanguage":"en-US","potentialAction":[{"@type":"ReadAction","target":["https:\/\/www.hypnosource.fr\/hypnose_habitudes\/"]}]},{"@type":"BreadcrumbList","@id":"https:\/\/www.hypnosource.fr\/hypnose_habitudes\/#breadcrumb","itemListElement":[{"@type":"ListItem","position":1,"name":"Accueil","item":"https:\/\/www.hypnosource.fr\/"},{"@type":"ListItem","position":2,"name":"hypnose : mauvaises habitudes"}]},{"@type":"WebSite","@id":"https:\/\/www.hypnosource.fr\/#website","url":"https:\/\/www.hypnosource.fr\/","name":"hypnosource : cabinet Hypnose en ligne et \u00e0 Boulogne Billancourt","description":"Cabinet hypnose en ligne et \u00e0 Boulogne Billancourt - Hypnoth\u00e9rapie par C\u00e9cile Argy","potentialAction":[{"@type":"SearchAction","target":{"@type":"EntryPoint","urlTemplate":"https:\/\/www.hypnosource.fr\/?s={search_term_string}"},"query-input":{"@type":"PropertyValueSpecification","valueRequired":true,"valueName":"search_term_string"}}],"inLanguage":"en-US"}]}},"_links":{"self":[{"href":"https:\/\/www.hypnosource.fr\/en\/wp-json\/wp\/v2\/pages\/5610","targetHints":{"allow":["GET"]}}],"collection":[{"href":"https:\/\/www.hypnosource.fr\/en\/wp-json\/wp\/v2\/pages"}],"about":[{"href":"https:\/\/www.hypnosource.fr\/en\/wp-json\/wp\/v2\/types\/page"}],"author":[{"embeddable":true,"href":"https:\/\/www.hypnosource.fr\/en\/wp-json\/wp\/v2\/users\/2"}],"replies":[{"embeddable":true,"href":"https:\/\/www.hypnosource.fr\/en\/wp-json\/wp\/v2\/comments?post=5610"}],"version-history":[{"count":7,"href":"https:\/\/www.hypnosource.fr\/en\/wp-json\/wp\/v2\/pages\/5610\/revisions"}],"predecessor-version":[{"id":5959,"href":"https:\/\/www.hypnosource.fr\/en\/wp-json\/wp\/v2\/pages\/5610\/revisions\/5959"}],"wp:attachment":[{"href":"https:\/\/www.hypnosource.fr\/en\/wp-json\/wp\/v2\/media?parent=5610"}],"curies":[{"name":"wp","href":"https:\/\/api.w.org\/{rel}","templated":true}]}}