{"id":5528,"date":"2017-02-01T14:36:29","date_gmt":"2017-02-01T13:36:29","guid":{"rendered":"https:\/\/www.hypnosource.fr\/?page_id=5528"},"modified":"2017-03-13T14:56:08","modified_gmt":"2017-03-13T13:56:08","slug":"hypnose_traumatisme","status":"publish","type":"page","link":"https:\/\/www.hypnosource.fr\/en\/hypnose_traumatisme\/","title":{"rendered":"hypnose : traumatisme"},"content":{"rendered":"<div class=\"row-fluid element-padding-default\">\n\t<div class=\"span12\">\n\t\t<div class=\"inner-content\">\n\t\t\t\n\t<h1 class=\"title textleft default divider-dark divider-default color-default\" style=\"margin-bottom:20px\"><span>Hypnoth\u00e9rapie pour le traumatisme<\/span>\n\t<\/h1>\n<div  class=\"hr border-large normal-border aligncenter hr-border-light\" style=\"margin-top:5px;margin-bottom:25px;\"><span><\/span><\/div>\n<div class=\"gap\" style=\"height:20px;line-height:20px;\" ><\/div>\n<div class=\"row-fluid inner-row bottom-margin-no\">\n\t<div class=\"span6\">\n\t\t<div class=\"inner-content\">\n\t\t\t\n\t<div class=\"column-text clearfix\">\n\t\t\n<p><strong>TSPT \/ trouble de stress post-traumatique<\/strong><\/p>\n\n\t<\/div> <div class=\"gap\" style=\"height:20px;line-height:20px;\" ><\/div>\n\n\t<div class=\"column-text clearfix\">\n\t\tAujourd&rsquo;hui, le mot \u00abtrauma\u00bb est rentr\u00e9 dans notre vocabulaire quotidien, mais c&rsquo;est un mot qui est souvent mal utilis\u00e9.<\/p>\n<p>Lorsqu&rsquo;il est utilis\u00e9 dans un contexte psychologique, le terme \u00abtraumatisme\u00bb se r\u00e9f\u00e8re \u00e0 une r\u00e9ponse \u00e9motionnelle qui d\u00e9passe de loin le niveau habituel de d\u00e9tresse et d&rsquo;inconfort que l&rsquo;on peut habituellement \u00e9prouver. Il est presque toujours li\u00e9 \u00e0 un \u00e9v\u00e9nement ou \u00e0 des \u00e9v\u00e9nements qui se produisent \u00e0 un moment ou \u00e0 un autre dans le pass\u00e9 de la personne.<\/p>\n<p>Un tel \u00e9v\u00e9nement ou certains \u00e9v\u00e9nements peuvent avoir \u00e9t\u00e9 le r\u00e9sultat de blessures sexuelles, physiques et \/ ou \u00e9motionnelles, la cons\u00e9quence d&rsquo;exp\u00e9riences difficiles que la personne traumatis\u00e9e a \u00e9t\u00e9 oblig\u00e9e de subir.\n\t<\/div> \n\t\t<\/div> \n\t<\/div> \n\n\t<div class=\"span6\">\n\t\t<div class=\"inner-content\">\n\t\t\t\n\t<div class=\"single-image img-align-none\" data-animation-delay=\"100\" data-animation-effect=\"\">\n\t\t<img fetchpriority=\"high\" decoding=\"async\" src=\"https:\/\/www.hypnosource.fr\/wp-content\/uploads\/2017\/02\/iStock-472527086-500x350.jpg\" width=\"500\" height=\"350\" alt=\"Silhouette of a woman behind the glass.\" \/>\n\t\t\t\n\t<\/div> \n\t\t<\/div> \n\t<\/div> \n<\/div><div class=\"gap\" style=\"height:20px;line-height:20px;\" ><\/div>\n\n\t\t<\/div> \n\t<\/div> \n<\/div><section id=\"section_0\" class=\"section  section-border-no section-height-content section-parallax-no section-bgtype-image section-fixed-background-yes  section-bgstyle-stretch section-triangle-no triangle-location-top section-overlay-no section-overlay-dot-no\" data-parallax_speed=\"0.8\" style=\"padding-top:100px;padding-bottom:80px;background-color:#ffffff;\" data-video-ratio=\"\"><div class=\"section-overlay\"><\/div><div class=\"container section-content\"><div class=\"row-fluid\"><div class=\"row-fluid element-padding-default\">\n\t<div class=\"span6\">\n\t\t<div class=\"inner-content\">\n\t\t\t\n\t<div class=\"single-image img-align-none\" data-animation-delay=\"100\" data-animation-effect=\"\">\n\t\t<img decoding=\"async\" width=\"550\" height=\"600\" src=\"https:\/\/www.hypnosource.fr\/wp-content\/uploads\/2017\/02\/une-approche-2-1.png\" class=\"attachment- size-\" alt=\"\" srcset=\"https:\/\/www.hypnosource.fr\/wp-content\/uploads\/2017\/02\/une-approche-2-1.png 550w, https:\/\/www.hypnosource.fr\/wp-content\/uploads\/2017\/02\/une-approche-2-1-275x300.png 275w\" sizes=\"(max-width: 550px) 100vw, 550px\" \/>\n\t\t\t\n\t<\/div> \n\t\t<\/div> \n\t<\/div> \n\n\t<div class=\"span6\">\n\t\t<div class=\"inner-content\">\n\t\t\t\n\t<h3 class=\"title textleft style1 divider-dark divider-default color-default\" style=\"margin-bottom:30px\"><span>Traumatisme et sympt\u00f4mes du TSPT<\/span>\n\t<\/h3>\n\n\t<div class=\"column-text clearfix\">\n\t\tLe plus souvent, le choc ou le d\u00e9ni sont les r\u00e9ponses typiques aux traumatismes et au syndrome de stress post-traumatique, tandis que les sympt\u00f4mes \u00e0 long terme du traumatisme g\u00e9n\u00e8rent habituellement des sautes d&rsquo;humeur et des \u00e9motions impr\u00e9visibles, des flash-backs effrayants et des sympt\u00f4mes physiques tels que maux de t\u00eate, et sentiments n\u00e9gatifs.<\/p>\n<p>Tous ces sentiments sont naturels, mais ils ne sont pas destin\u00e9s \u00e0 rester. Pour la personne traumatis\u00e9e, ils restent d\u00e9j\u00e0 bien trop longtemps, et il ou elle peut trouver difficile d&rsquo;aller de l&rsquo;avant dans sa vie.<\/p>\n<p>Un Trauma peut endommager les relations et avoir un impact n\u00e9gatif sur le travail, fermer des options et restreindre une vie, v\u00e9cue dans l&rsquo;ombre du pass\u00e9. Le syndrome de stress post-traumatique peut transformer ce qui \u00e9tait autrefois une existence normale en un enfer vivant, chaque jour et nuit apportant encore plus de perturbations et de bouleversements.<\/p>\n<p>La bonne nouvelle est que, avec l&rsquo;hypnoth\u00e9rapie correctement appliqu\u00e9e, nous pouvons aider les personnes souffrant de traumatisme ou de sympt\u00f4mes de stress post-traumatique \u00e0 laisser aller le pass\u00e9 et de passer \u00e0 autre chose.\n\t<\/div> \n\t\t<\/div> \n\t<\/div> \n<\/div><div class=\"gap\" style=\"height:20px;line-height:20px;\" ><\/div>\n\n\t<div class=\"column-text clearfix\">\n\t\t<strong>Trouble traumatique<\/strong><\/p>\n<p>Le traumatisme est comme une blessure qui n&rsquo;a pas \u00e9t\u00e9 gu\u00e9rie. Avec le bon type d&rsquo;aide th\u00e9rapeutique, c&rsquo;est une blessure qui peut cependant gu\u00e9rir. Une fois la cicatrisation termin\u00e9e, la blessure se referme et devient une cicatrice. Les faits n&rsquo;ont pas chang\u00e9, et la cicatrice reste, mais la blessure ne br\u00fble plus.<\/p>\n<p>Peut-\u00eatre la forme la plus perturbatrice de traumatisme est le SSPT, ou le syndrome de stress post-traumatique. Le cauchemar du SSPT est sa capacit\u00e9 \u00e0 transformer la vie d&rsquo;une personne \u00e0 l&rsquo;inverse de ce qu\u2019elle souhaite, causant une terrible d\u00e9tresse.\n\t<\/div> <\/div><\/div><\/section><\/div><\/div><\/section><section id=\"section_1\" class=\"section  section-border-no section-height-content section-parallax-no section-bgtype-image section-fixed-background-yes  section-bgstyle-stretch section-triangle-no triangle-location-top section-overlay-no section-overlay-dot-no\" data-parallax_speed=\"0.8\" style=\"padding-top:60px;padding-bottom:60px;background-color:#cbf2f4;\" data-video-ratio=\"\"><div class=\"section-overlay\"><\/div><div class=\"container section-content\"><div class=\"row-fluid\"><div class=\"row-fluid element-padding-default\">\n\t<div class=\"span12\">\n\t\t<div class=\"inner-content\">\n\t\t\t\n\t<h3 class=\"title textleft style1 divider-dark divider-default color-default\" style=\"margin-bottom:20px\"><span>T\u00e9moignage<br \/>\n<\/span>\n\t<\/h3>\n\n\t<div class=\"column-text clearfix\">\n\t\t\n<blockquote><p>J\u2019\u00e9tais au Bataclan le soir de l\u2019attentat et j\u2019ai des images du mitrailleur qui reviennent, associ\u00e9 \u00e0 une grande m\u00e9lancolie. J\u2019avais une angoisse et une d\u00e9pression latente.<br \/>\nEnsuite j\u2019\u00e9tais soulag\u00e9 et images ne me revenaient plus.<\/p><\/blockquote>\n<p>&#8211; Boris Rehlinger &#8211; Colombes<\/p>\n\n\t<\/div> \n\t\t<\/div> \n\t<\/div> \n<\/div><\/div><\/div><\/section><\/div><\/div><\/section><section id=\"section_2\" class=\"section  section-border-no section-height-content section-parallax-no section-bgtype-image section-fixed-background-yes  section-bgstyle-stretch section-triangle-no triangle-location-top section-overlay-no section-overlay-dot-no\" data-parallax_speed=\"0.8\" style=\"padding-top:60px;padding-bottom:60px;background-color:#dbc9c9;\" data-video-ratio=\"\"><div class=\"section-overlay\"><\/div><div class=\"container section-content\"><div class=\"row-fluid\"><div class=\"row-fluid element-padding-default\">\n\t<div class=\"span12\">\n\t\t<div class=\"inner-content\">\n\t\t\t\n\t<h3 class=\"title textleft style1 divider-dark divider-default color-default\" style=\"margin-bottom:20px\"><span>Traumatisme et TSPT Hypnose Th\u00e9rapie<br \/>\n<\/span>\n\t<\/h3>\n\n\t<div class=\"column-text clearfix\">\n\t\tLe processus de traitement des traumatismes et le syndrome de stress post-traumatique trait\u00e9 par l&rsquo;hypnoth\u00e9rapie est par nature intense, mais il est \u00e9galement complet. Il peut \u00eatre extr\u00eamement efficace. Afin de retrouver son \u00e9quilibre, l&rsquo;esprit subconscient doit approcher les \u00e9v\u00e9nements pass\u00e9s qui sont la cause de ces sentiments terribles et perturbateurs.<\/p>\n<p>En outre, le soutien nutritionnel correct est fourni afin que le cerveau se r\u00e9tablisse compl\u00e8tement et fonctionne \u00e0 son potentiel optimal. Le traitement d&rsquo;hypnoth\u00e9rapie pour les cas de SSPT est l&rsquo;un des meilleurs moyens de lib\u00e9rer une personne du cauchemar de traumatisme.\n\t<\/div> \n\t\t<\/div> \n\t<\/div> \n<\/div><div class=\"row-fluid element-padding-default\">\n\t<div class=\"span12\">\n\t\t<div class=\"inner-content\">\n\t\t\t\n\t<h3 class=\"title textleft style1 divider-dark divider-default color-default\" style=\"margin-bottom:20px\"><span>Hypnoth\u00e9rapie pour le traumatisme<br \/>\n<\/span>\n\t<\/h3>\n\n\t<div class=\"column-text clearfix\">\n\t\tLorsque le processus de gu\u00e9rison est termin\u00e9, l&rsquo;\u00e9quilibre revient et la vie redevient g\u00e9rable. Comme Dr Gordon Emerson, l&rsquo;autorit\u00e9 principale sur la th\u00e9rapie des Parties dit \u00e0 juste titre.<\/p>\n<p>C\u2019est s\u00fbrement l&rsquo;objectif et le but de tout traitement d&rsquo;hypnoth\u00e9rapie pour un traumatisme.<\/p>\n<p>Si vous-ou quelqu&rsquo;un dont vous vous souciez-souffre de traumatisme ou de TSPT, ne d\u00e9sesp\u00e9rez pas, une aide r\u00e9elle est disponible. L&rsquo;hypnoth\u00e9rapie unique et personnalis\u00e9e pour les traumatismes peut vous aider \u00e0 r\u00e9soudre le cauchemar du traumatisme et \u00e0 reprendre le contr\u00f4le de votre vie.<\/p>\n<p><strong>Avec l&rsquo;approche globale et unique HypnoSource Therapy \u2122 de C\u00e9cile, vous pouvez \u00eatre lib\u00e9r\u00e9 du cauchemar d&rsquo;un traumatisme. Vous pouvez vivre une vie libre des images obs\u00e9dantes du pass\u00e9 et reprendre votre vie non perturb\u00e9e par le pass\u00e9.<\/strong><\/p>\n<p>Appelez C\u00e9cile maintenant au 06 61 79 23 74 et obtenez l&rsquo;aide dont vous avez besoin pour surmonter les traumatismes et les sympt\u00f4mes du SSPT.<\/p>\n<p><strong>Tous les appels sont trait\u00e9s avec la plus grande confidence<\/strong>\n\t<\/div> \n\t\t<\/div> \n\t<\/div> \n<\/div><\/div><\/div><\/section><\/div><\/div><\/section><section id=\"section_3\" class=\"section  section-border-no section-height-content section-parallax-no section-bgtype-image section-fixed-background-yes  section-bgstyle-stretch section-triangle-no triangle-location-top section-overlay-no section-overlay-dot-no\" data-parallax_speed=\"0.8\" style=\"padding-top:60px;padding-bottom:60px;background-color:#cbf2f4;\" data-video-ratio=\"\"><div class=\"section-overlay\"><\/div><div class=\"container section-content\"><div class=\"row-fluid\"><div class=\"row-fluid element-padding-default\">\n\t<div class=\"span12\">\n\t\t<div class=\"inner-content\">\n\t\t\t\n\t<h3 class=\"title textleft style1 divider-dark divider-default color-default\" style=\"margin-bottom:20px\"><span>T\u00e9moignage<br \/>\n<\/span>\n\t<\/h3>\n\n\t<div class=\"column-text clearfix\">\n\t\t\n<blockquote><p>\u00ab\u00a0Viol\u00e9e trois fois, j\u2019attirais les pervers narcissique. Je ne porte plus le masque de sourire de force. Je me sens diff\u00e9rente, plus vraie.<\/p><\/blockquote>\n<p>&#8211; Yasmina Genay, Paris\n\t<\/div> \n\t\t<\/div> \n\t<\/div> \n<\/div><\/div><\/div><\/section>","protected":false},"excerpt":{"rendered":"Hypnoth\u00e9rapie pour le traumatisme TSPT \/ trouble de stress post-traumatique Aujourd'hui, le mot \u00abtrauma\u00bb est rentr\u00e9 dans notre vocabulaire quotidien, mais c'est un mot qui est souvent mal utilis\u00e9. Lorsqu'il est utilis\u00e9 dans un contexte psychologique, le terme \u00abtraumatisme\u00bb se [...]","protected":false},"author":2,"featured_media":0,"parent":0,"menu_order":0,"comment_status":"closed","ping_status":"closed","template":"","meta":{"footnotes":""},"class_list":["post-5528","page","type-page","status-publish","hentry"],"yoast_head":"<!-- This site is optimized with the Yoast SEO plugin v26.3 - https:\/\/yoast.com\/wordpress\/plugins\/seo\/ -->\n<title>Traumatisme : Traitement du traumatisme par l&#039;hypnose<\/title>\n<meta name=\"description\" content=\"Traumatisme : Traitement du traumatisme par l&#039;hypnose - C\u00e9cile Argy vous accueille dans son cabinet d&#039;hypnoth\u00e9rapie \u00e0 Boulogne 92\" \/>\n<meta name=\"robots\" content=\"index, follow, max-snippet:-1, max-image-preview:large, max-video-preview:-1\" \/>\n<link rel=\"canonical\" href=\"https:\/\/www.hypnosource.fr\/en\/hypnose_traumatisme\/\" \/>\n<meta name=\"twitter:label1\" content=\"Est. reading time\" \/>\n\t<meta name=\"twitter:data1\" content=\"6 minutes\" \/>\n<script type=\"application\/ld+json\" class=\"yoast-schema-graph\">{\"@context\":\"https:\/\/schema.org\",\"@graph\":[{\"@type\":\"WebPage\",\"@id\":\"https:\/\/www.hypnosource.fr\/hypnose_traumatisme\/\",\"url\":\"https:\/\/www.hypnosource.fr\/hypnose_traumatisme\/\",\"name\":\"Traumatisme : Traitement du traumatisme par l'hypnose\",\"isPartOf\":{\"@id\":\"https:\/\/www.hypnosource.fr\/#website\"},\"datePublished\":\"2017-02-01T13:36:29+00:00\",\"dateModified\":\"2017-03-13T13:56:08+00:00\",\"description\":\"Traumatisme : Traitement du traumatisme par l'hypnose - C\u00e9cile Argy vous accueille dans son cabinet d'hypnoth\u00e9rapie \u00e0 Boulogne 92\",\"breadcrumb\":{\"@id\":\"https:\/\/www.hypnosource.fr\/hypnose_traumatisme\/#breadcrumb\"},\"inLanguage\":\"en-US\",\"potentialAction\":[{\"@type\":\"ReadAction\",\"target\":[\"https:\/\/www.hypnosource.fr\/hypnose_traumatisme\/\"]}]},{\"@type\":\"BreadcrumbList\",\"@id\":\"https:\/\/www.hypnosource.fr\/hypnose_traumatisme\/#breadcrumb\",\"itemListElement\":[{\"@type\":\"ListItem\",\"position\":1,\"name\":\"Accueil\",\"item\":\"https:\/\/www.hypnosource.fr\/\"},{\"@type\":\"ListItem\",\"position\":2,\"name\":\"hypnose : traumatisme\"}]},{\"@type\":\"WebSite\",\"@id\":\"https:\/\/www.hypnosource.fr\/#website\",\"url\":\"https:\/\/www.hypnosource.fr\/\",\"name\":\"hypnosource : cabinet Hypnose en ligne et \u00e0 Boulogne Billancourt\",\"description\":\"Cabinet hypnose en ligne et \u00e0 Boulogne Billancourt - Hypnoth\u00e9rapie par C\u00e9cile Argy\",\"potentialAction\":[{\"@type\":\"SearchAction\",\"target\":{\"@type\":\"EntryPoint\",\"urlTemplate\":\"https:\/\/www.hypnosource.fr\/?s={search_term_string}\"},\"query-input\":{\"@type\":\"PropertyValueSpecification\",\"valueRequired\":true,\"valueName\":\"search_term_string\"}}],\"inLanguage\":\"en-US\"}]}<\/script>\n<!-- \/ Yoast SEO plugin. -->","yoast_head_json":{"title":"Traumatisme : Traitement du traumatisme par l'hypnose","description":"Traumatisme : Traitement du traumatisme par l'hypnose - C\u00e9cile Argy vous accueille dans son cabinet d'hypnoth\u00e9rapie \u00e0 Boulogne 92","robots":{"index":"index","follow":"follow","max-snippet":"max-snippet:-1","max-image-preview":"max-image-preview:large","max-video-preview":"max-video-preview:-1"},"canonical":"https:\/\/www.hypnosource.fr\/en\/hypnose_traumatisme\/","twitter_misc":{"Est. reading time":"6 minutes"},"schema":{"@context":"https:\/\/schema.org","@graph":[{"@type":"WebPage","@id":"https:\/\/www.hypnosource.fr\/hypnose_traumatisme\/","url":"https:\/\/www.hypnosource.fr\/hypnose_traumatisme\/","name":"Traumatisme : Traitement du traumatisme par l'hypnose","isPartOf":{"@id":"https:\/\/www.hypnosource.fr\/#website"},"datePublished":"2017-02-01T13:36:29+00:00","dateModified":"2017-03-13T13:56:08+00:00","description":"Traumatisme : Traitement du traumatisme par l'hypnose - C\u00e9cile Argy vous accueille dans son cabinet d'hypnoth\u00e9rapie \u00e0 Boulogne 92","breadcrumb":{"@id":"https:\/\/www.hypnosource.fr\/hypnose_traumatisme\/#breadcrumb"},"inLanguage":"en-US","potentialAction":[{"@type":"ReadAction","target":["https:\/\/www.hypnosource.fr\/hypnose_traumatisme\/"]}]},{"@type":"BreadcrumbList","@id":"https:\/\/www.hypnosource.fr\/hypnose_traumatisme\/#breadcrumb","itemListElement":[{"@type":"ListItem","position":1,"name":"Accueil","item":"https:\/\/www.hypnosource.fr\/"},{"@type":"ListItem","position":2,"name":"hypnose : traumatisme"}]},{"@type":"WebSite","@id":"https:\/\/www.hypnosource.fr\/#website","url":"https:\/\/www.hypnosource.fr\/","name":"hypnosource : cabinet Hypnose en ligne et \u00e0 Boulogne Billancourt","description":"Cabinet hypnose en ligne et \u00e0 Boulogne Billancourt - Hypnoth\u00e9rapie par C\u00e9cile Argy","potentialAction":[{"@type":"SearchAction","target":{"@type":"EntryPoint","urlTemplate":"https:\/\/www.hypnosource.fr\/?s={search_term_string}"},"query-input":{"@type":"PropertyValueSpecification","valueRequired":true,"valueName":"search_term_string"}}],"inLanguage":"en-US"}]}},"_links":{"self":[{"href":"https:\/\/www.hypnosource.fr\/en\/wp-json\/wp\/v2\/pages\/5528","targetHints":{"allow":["GET"]}}],"collection":[{"href":"https:\/\/www.hypnosource.fr\/en\/wp-json\/wp\/v2\/pages"}],"about":[{"href":"https:\/\/www.hypnosource.fr\/en\/wp-json\/wp\/v2\/types\/page"}],"author":[{"embeddable":true,"href":"https:\/\/www.hypnosource.fr\/en\/wp-json\/wp\/v2\/users\/2"}],"replies":[{"embeddable":true,"href":"https:\/\/www.hypnosource.fr\/en\/wp-json\/wp\/v2\/comments?post=5528"}],"version-history":[{"count":6,"href":"https:\/\/www.hypnosource.fr\/en\/wp-json\/wp\/v2\/pages\/5528\/revisions"}],"predecessor-version":[{"id":5965,"href":"https:\/\/www.hypnosource.fr\/en\/wp-json\/wp\/v2\/pages\/5528\/revisions\/5965"}],"wp:attachment":[{"href":"https:\/\/www.hypnosource.fr\/en\/wp-json\/wp\/v2\/media?parent=5528"}],"curies":[{"name":"wp","href":"https:\/\/api.w.org\/{rel}","templated":true}]}}