{"id":3413,"date":"2014-07-08T11:35:39","date_gmt":"2014-07-08T10:35:39","guid":{"rendered":"http:\/\/www.dr-netter-dermatologue.fr\/demo\/?page_id=3413"},"modified":"2022-10-18T15:07:48","modified_gmt":"2022-10-18T14:07:48","slug":"le-cabinet","status":"publish","type":"page","link":"https:\/\/www.hypnosource.fr\/en\/le-cabinet\/","title":{"rendered":"Le Cabinet"},"content":{"rendered":"<div class=\"row-fluid element-padding-default\"><\/div>\n\t<div class=\"span12\">\n\t\t<div class=\"inner-content\">\n\t\t\t\n\t\t<\/div> \n\t<\/div> \n\n\t<h1 class=\"title textleft style1 divider-dark divider-default color-default\" style=\"margin-bottom:20px\"><span>Le cabinet de C\u00e9cile ARGY<\/span>\n\t<\/h1>\n\n\t<div class=\"column-text clearfix\">\n\t\t\n\t<\/div> Le Cabinet est situ\u00e9 \u00e0 Boulogne Billancourt proche du Pont de S\u00e8vres.<br \/>\nLes consultations se font sur rendez-vous au 06 61 79 23 74 sur Hellocare en Visio ou au 54 rue de S\u00e8vres<\/p>","protected":false},"excerpt":{"rendered":"<p>Le Cabinet est situ\u00e9 \u00e0 Boulogne Billancourt proche du Pont de S\u00e8vres. Les consultations se font sur rendez-vous au 06 61 79 23 74 sur Hellocare en Visio ou au 54 rue de S\u00e8vres<\/p>","protected":false},"author":2,"featured_media":0,"parent":0,"menu_order":0,"comment_status":"closed","ping_status":"closed","template":"","meta":{"footnotes":""},"class_list":["post-3413","page","type-page","status-publish","hentry"],"yoast_head":"<!-- This site is optimized with the Yoast SEO plugin v26.3 - https:\/\/yoast.com\/wordpress\/plugins\/seo\/ -->\n<title>Le Cabinet d&#039;hypnoth\u00e9rapie : C\u00e9cile Argy pr\u00e9sente son cabinet \u00e0 Boulogne<\/title>\n<meta name=\"description\" content=\"Le Cabinet d&#039;hypnoth\u00e9rapie : C\u00e9cile Argy pr\u00e9sente son cabinet d&#039;hypnoth\u00e9rapie \u00e0 Boulogne Billancourt 92100 ou elle pratique l&#039;hypnose\" \/>\n<meta name=\"robots\" content=\"index, follow, max-snippet:-1, max-image-preview:large, max-video-preview:-1\" \/>\n<link rel=\"canonical\" href=\"https:\/\/www.hypnosource.fr\/en\/le-cabinet\/\" \/>\n<meta name=\"twitter:label1\" content=\"Est. reading time\" \/>\n\t<meta name=\"twitter:data1\" content=\"1 minute\" \/>\n<script type=\"application\/ld+json\" class=\"yoast-schema-graph\">{\"@context\":\"https:\/\/schema.org\",\"@graph\":[{\"@type\":\"WebPage\",\"@id\":\"https:\/\/www.hypnosource.fr\/le-cabinet\/\",\"url\":\"https:\/\/www.hypnosource.fr\/le-cabinet\/\",\"name\":\"Le Cabinet d'hypnoth\u00e9rapie : C\u00e9cile Argy pr\u00e9sente son cabinet \u00e0 Boulogne\",\"isPartOf\":{\"@id\":\"https:\/\/www.hypnosource.fr\/#website\"},\"datePublished\":\"2014-07-08T10:35:39+00:00\",\"dateModified\":\"2022-10-18T14:07:48+00:00\",\"description\":\"Le Cabinet d'hypnoth\u00e9rapie : C\u00e9cile Argy pr\u00e9sente son cabinet d'hypnoth\u00e9rapie \u00e0 Boulogne Billancourt 92100 ou elle pratique l'hypnose\",\"breadcrumb\":{\"@id\":\"https:\/\/www.hypnosource.fr\/le-cabinet\/#breadcrumb\"},\"inLanguage\":\"en-US\",\"potentialAction\":[{\"@type\":\"ReadAction\",\"target\":[\"https:\/\/www.hypnosource.fr\/le-cabinet\/\"]}]},{\"@type\":\"BreadcrumbList\",\"@id\":\"https:\/\/www.hypnosource.fr\/le-cabinet\/#breadcrumb\",\"itemListElement\":[{\"@type\":\"ListItem\",\"position\":1,\"name\":\"Accueil\",\"item\":\"https:\/\/www.hypnosource.fr\/\"},{\"@type\":\"ListItem\",\"position\":2,\"name\":\"Le Cabinet\"}]},{\"@type\":\"WebSite\",\"@id\":\"https:\/\/www.hypnosource.fr\/#website\",\"url\":\"https:\/\/www.hypnosource.fr\/\",\"name\":\"hypnosource : cabinet Hypnose en ligne et \u00e0 Boulogne Billancourt\",\"description\":\"Cabinet hypnose en ligne et \u00e0 Boulogne Billancourt - Hypnoth\u00e9rapie par C\u00e9cile Argy\",\"potentialAction\":[{\"@type\":\"SearchAction\",\"target\":{\"@type\":\"EntryPoint\",\"urlTemplate\":\"https:\/\/www.hypnosource.fr\/?s={search_term_string}\"},\"query-input\":{\"@type\":\"PropertyValueSpecification\",\"valueRequired\":true,\"valueName\":\"search_term_string\"}}],\"inLanguage\":\"en-US\"}]}<\/script>\n<!-- \/ Yoast SEO plugin. -->","yoast_head_json":{"title":"Le Cabinet d'hypnoth\u00e9rapie : C\u00e9cile Argy pr\u00e9sente son cabinet \u00e0 Boulogne","description":"Le Cabinet d'hypnoth\u00e9rapie : C\u00e9cile Argy pr\u00e9sente son cabinet d'hypnoth\u00e9rapie \u00e0 Boulogne Billancourt 92100 ou elle pratique l'hypnose","robots":{"index":"index","follow":"follow","max-snippet":"max-snippet:-1","max-image-preview":"max-image-preview:large","max-video-preview":"max-video-preview:-1"},"canonical":"https:\/\/www.hypnosource.fr\/en\/le-cabinet\/","twitter_misc":{"Est. reading time":"1 minute"},"schema":{"@context":"https:\/\/schema.org","@graph":[{"@type":"WebPage","@id":"https:\/\/www.hypnosource.fr\/le-cabinet\/","url":"https:\/\/www.hypnosource.fr\/le-cabinet\/","name":"Le Cabinet d'hypnoth\u00e9rapie : C\u00e9cile Argy pr\u00e9sente son cabinet \u00e0 Boulogne","isPartOf":{"@id":"https:\/\/www.hypnosource.fr\/#website"},"datePublished":"2014-07-08T10:35:39+00:00","dateModified":"2022-10-18T14:07:48+00:00","description":"Le Cabinet d'hypnoth\u00e9rapie : C\u00e9cile Argy pr\u00e9sente son cabinet d'hypnoth\u00e9rapie \u00e0 Boulogne Billancourt 92100 ou elle pratique l'hypnose","breadcrumb":{"@id":"https:\/\/www.hypnosource.fr\/le-cabinet\/#breadcrumb"},"inLanguage":"en-US","potentialAction":[{"@type":"ReadAction","target":["https:\/\/www.hypnosource.fr\/le-cabinet\/"]}]},{"@type":"BreadcrumbList","@id":"https:\/\/www.hypnosource.fr\/le-cabinet\/#breadcrumb","itemListElement":[{"@type":"ListItem","position":1,"name":"Accueil","item":"https:\/\/www.hypnosource.fr\/"},{"@type":"ListItem","position":2,"name":"Le Cabinet"}]},{"@type":"WebSite","@id":"https:\/\/www.hypnosource.fr\/#website","url":"https:\/\/www.hypnosource.fr\/","name":"hypnosource : cabinet Hypnose en ligne et \u00e0 Boulogne Billancourt","description":"Cabinet hypnose en ligne et \u00e0 Boulogne Billancourt - Hypnoth\u00e9rapie par C\u00e9cile Argy","potentialAction":[{"@type":"SearchAction","target":{"@type":"EntryPoint","urlTemplate":"https:\/\/www.hypnosource.fr\/?s={search_term_string}"},"query-input":{"@type":"PropertyValueSpecification","valueRequired":true,"valueName":"search_term_string"}}],"inLanguage":"en-US"}]}},"_links":{"self":[{"href":"https:\/\/www.hypnosource.fr\/en\/wp-json\/wp\/v2\/pages\/3413","targetHints":{"allow":["GET"]}}],"collection":[{"href":"https:\/\/www.hypnosource.fr\/en\/wp-json\/wp\/v2\/pages"}],"about":[{"href":"https:\/\/www.hypnosource.fr\/en\/wp-json\/wp\/v2\/types\/page"}],"author":[{"embeddable":true,"href":"https:\/\/www.hypnosource.fr\/en\/wp-json\/wp\/v2\/users\/2"}],"replies":[{"embeddable":true,"href":"https:\/\/www.hypnosource.fr\/en\/wp-json\/wp\/v2\/comments?post=3413"}],"version-history":[{"count":18,"href":"https:\/\/www.hypnosource.fr\/en\/wp-json\/wp\/v2\/pages\/3413\/revisions"}],"predecessor-version":[{"id":6786,"href":"https:\/\/www.hypnosource.fr\/en\/wp-json\/wp\/v2\/pages\/3413\/revisions\/6786"}],"wp:attachment":[{"href":"https:\/\/www.hypnosource.fr\/en\/wp-json\/wp\/v2\/media?parent=3413"}],"curies":[{"name":"wp","href":"https:\/\/api.w.org\/{rel}","templated":true}]}}